{"id":8329,"date":"2016-09-15T00:29:56","date_gmt":"2016-09-14T22:29:56","guid":{"rendered":"https:\/\/www.isp-aquitaine.fr\/en\/stages\/"},"modified":"2018-03-13T18:59:56","modified_gmt":"2018-03-13T17:59:56","slug":"student-placements","status":"publish","type":"page","link":"https:\/\/www.isp-aquitaine.fr\/en\/rejoignez-nous\/student-placements\/","title":{"rendered":"Student placements"},"content":{"rendered":"<style type=\"text\/css\"> \n#cmsmasters_row_69e19f893000d9_10534086 .cmsmasters_row_outer_parent { \n\tpadding-top: 20px; \n} \n\n#cmsmasters_row_69e19f893000d9_10534086 .cmsmasters_row_outer_parent { \n\tpadding-bottom: 50px; \n} \n\n \n#cmsmasters_heading_69e19f89301b38_99375256 { \n\ttext-align:left; \n\tmargin-top:0px; \n\tmargin-bottom:20px; \n} \n\n#cmsmasters_heading_69e19f89301b38_99375256 .cmsmasters_heading { \n\ttext-align:left; \n} \n\n#cmsmasters_heading_69e19f89301b38_99375256 .cmsmasters_heading, #cmsmasters_heading_69e19f89301b38_99375256 .cmsmasters_heading a { \n\tfont-weight:normal; \n\tfont-style:normal; \n} \n\n#cmsmasters_heading_69e19f89301b38_99375256 .cmsmasters_heading_divider { \n} \n\n \n#cmsmasters_row_69e19f893036c2_81403233 .cmsmasters_row_outer_parent { \n\tpadding-top: 0px; \n} \n\n#cmsmasters_row_69e19f893036c2_81403233 .cmsmasters_row_outer_parent { \n\tpadding-bottom: 50px; \n} \n\n \n#cmsmasters_icon_box_69e19f89304840_67709586 { \n\tborder-width:0px; \n} \n\n#cmsmasters_icon_box_69e19f89304840_67709586:before, \n#cmsmasters_icon_box_69e19f89304840_67709586 .icon_box_heading:before { \n\tfont-size:40px; \n\tline-height:35px; \n\twidth:35px; \n\theight:35px; \n\tborder-width:0px; \n\t-webkit-border-radius:50%; \n\tborder-radius:50%; \n} \n\n#cmsmasters_icon_box_69e19f89304840_67709586.cmsmasters_icon_heading_left .icon_box_heading:before { \n\tbackground-image:url(https:\/\/www.isp-aquitaine.fr\/wp-content\/uploads\/2016\/09\/picto_stage_dev.png); \n} \n \n#cmsmasters_icon_box_69e19f89309794_85722590 { \n\tborder-width:0px; \n} \n\n#cmsmasters_icon_box_69e19f89309794_85722590:before, \n#cmsmasters_icon_box_69e19f89309794_85722590 .icon_box_heading:before { \n\tfont-size:40px; \n\tline-height:35px; \n\twidth:35px; \n\theight:35px; \n\tborder-width:0px; \n\t-webkit-border-radius:50%; \n\tborder-radius:50%; \n} \n\n#cmsmasters_icon_box_69e19f89309794_85722590.cmsmasters_icon_heading_left .icon_box_heading:before { \n\tbackground-image:url(https:\/\/www.isp-aquitaine.fr\/wp-content\/uploads\/2016\/09\/picto_stage_meca.png); \n} \n \n#cmsmasters_icon_box_69e19f8930cef0_81063101 { \n\tborder-width:0px; \n} \n\n#cmsmasters_icon_box_69e19f8930cef0_81063101:before, \n#cmsmasters_icon_box_69e19f8930cef0_81063101 .icon_box_heading:before { \n\tfont-size:40px; \n\tline-height:35px; \n\twidth:35px; \n\theight:35px; \n\tborder-width:0px; \n} \n\n#cmsmasters_icon_box_69e19f8930cef0_81063101.cmsmasters_icon_heading_left .icon_box_heading:before { \n\tbackground-image:url(https:\/\/www.isp-aquitaine.fr\/wp-content\/uploads\/2016\/09\/electricite_03.png); \n} \n<\/style><div id=\"cmsmasters_row_69e19f893000d9_10534086\" class=\"cmsmasters_row cmsmasters_color_scheme_default cmsmasters_row_top_default cmsmasters_row_bot_default cmsmasters_row_boxed\">\n<div class=\"cmsmasters_row_outer_parent\">\n<div class=\"cmsmasters_row_outer\">\n<div class=\"cmsmasters_row_inner\">\n<div class=\"cmsmasters_row_margin\">\n<div class=\"cmsmasters_column one_first\">\n\n<div id=\"cmsmasters_heading_69e19f89301b38_99375256\" class=\"cmsmasters_heading_wrap cmsmasters_heading_align_left\">\n\t<h2 class=\"cmsmasters_heading\">Internship offers<\/h2>\n<\/div><div class=\"cmsmasters_text\">\n<p>You can send us your r\u00e9sum\u00e9 and cover letter to apply by mail at the address below, or emailing to the address : <a href=\"mailto:contact@isp-aquitaine.fr\">contact@isp-aquitaine.fr<\/a><\/p>\n<p>We look for trainees in the following areas :<\/p>\n<\/div>\n<\/div>\n<\/div>\n<\/div>\n<\/div>\n<\/div>\n<\/div>\n<div id=\"cmsmasters_row_69e19f893036c2_81403233\" class=\"cmsmasters_row cmsmasters_color_scheme_default cmsmasters_row_top_default cmsmasters_row_bot_default cmsmasters_row_boxed\">\n<div class=\"cmsmasters_row_outer_parent\">\n<div class=\"cmsmasters_row_outer\">\n<div class=\"cmsmasters_row_inner\">\n<div class=\"cmsmasters_row_margin\">\n<div class=\"cmsmasters_column one_third\">\n\n<div id=\"cmsmasters_icon_box_69e19f89304840_67709586\" class=\"cmsmasters_icon_box cmsmasters_icon_heading_left box_icon_type_image\">\n<div class=\"icon_box_inner\">\n<h3 class=\"icon_box_heading \">Software design<\/h3>\n<div class=\"icon_box_text\">\n<p>&#8211;\u00a0Data base development (MySQL data base,\u00a0 PHP application) :<\/p>\n<p>Le but du stage est d&#8217;effectuer des am\u00e9liorations sur les outils existants et de d\u00e9velopper de nouvelles fonctionnalit\u00e9s :<\/p>\n<p>&#8211; outil pour la gestion de nos donn\u00e9es internes en intranet<\/p>\n<p>&#8211; fonctions de suivi de gestion de production \u00e0 approfondir (gestion de stock et workflow)<\/p>\n<p>Le stage s&#8217;adresse \u00e0 des formations Bac+2 ou plus, ayant des connaissances sur les outils web courants.<\/p>\n<p>Nous souhaitons proposer un stage au dernier trimestre 2017 ou premier semestre 2018 ; la dur\u00e9e du stage peut \u00eatre de\u00a02 mois minimum.<\/p>\n<\/div>\n<\/div>\n<\/div>\n<\/div>\n<div class=\"cmsmasters_column one_third\">\n\n<div id=\"cmsmasters_icon_box_69e19f89309794_85722590\" class=\"cmsmasters_icon_box cmsmasters_icon_heading_left box_icon_type_image\">\n<div class=\"icon_box_inner\">\n<h3 class=\"icon_box_heading \"> Mechanical design<\/h3>\n<div class=\"icon_box_text\">\n<p>We propose, all year round, internship opportunities in our engineering consulting firm, for candidates of second-year University level for Master Degree level. The internship takes place on one of the numerous projects. The candidate will have to work on CAD tools such as Pro Engineer,\u00a0Simulate and Solidworks ; we are looking for inventive and creative profiles. The duration of the internship can be between 2 and 6 months, according to needs.<\/p>\n<\/div>\n<\/div>\n<\/div>\n<\/div>\n<div class=\"cmsmasters_column one_third\">\n\n<div id=\"cmsmasters_icon_box_69e19f8930cef0_81063101\" class=\"cmsmasters_icon_box cmsmasters_icon_heading_left box_icon_type_image\">\n<div class=\"icon_box_inner\">\n<h3 class=\"icon_box_heading \">\u00c9lectronic design<\/h3>\n<div class=\"icon_box_text\">\n<p>We propose, all year round, internship opportunities in our engineering consulting firm, for candidates of second-year University level for Master Degree level. The internship takes place on one of the numerous projects.<\/p>\n<\/div>\n<\/div>\n<\/div>\n<\/div>\n<\/div>\n<\/div>\n<\/div>\n<\/div>\n<\/div>\n\n","protected":false},"excerpt":{"rendered":"","protected":false},"author":4,"featured_media":0,"parent":8347,"menu_order":0,"comment_status":"closed","ping_status":"closed","template":"","meta":{"footnotes":""},"_links":{"self":[{"href":"https:\/\/www.isp-aquitaine.fr\/en\/wp-json\/wp\/v2\/pages\/8329"}],"collection":[{"href":"https:\/\/www.isp-aquitaine.fr\/en\/wp-json\/wp\/v2\/pages"}],"about":[{"href":"https:\/\/www.isp-aquitaine.fr\/en\/wp-json\/wp\/v2\/types\/page"}],"author":[{"embeddable":true,"href":"https:\/\/www.isp-aquitaine.fr\/en\/wp-json\/wp\/v2\/users\/4"}],"replies":[{"embeddable":true,"href":"https:\/\/www.isp-aquitaine.fr\/en\/wp-json\/wp\/v2\/comments?post=8329"}],"version-history":[{"count":5,"href":"https:\/\/www.isp-aquitaine.fr\/en\/wp-json\/wp\/v2\/pages\/8329\/revisions"}],"predecessor-version":[{"id":8714,"href":"https:\/\/www.isp-aquitaine.fr\/en\/wp-json\/wp\/v2\/pages\/8329\/revisions\/8714"}],"up":[{"embeddable":true,"href":"https:\/\/www.isp-aquitaine.fr\/en\/wp-json\/wp\/v2\/pages\/8347"}],"wp:attachment":[{"href":"https:\/\/www.isp-aquitaine.fr\/en\/wp-json\/wp\/v2\/media?parent=8329"}],"curies":[{"name":"wp","href":"https:\/\/api.w.org\/{rel}","templated":true}]}}